{"id":1652,"date":"2024-01-30T10:30:00","date_gmt":"2024-01-30T10:30:00","guid":{"rendered":"https:\/\/tontonedouard-togo.com\/?page_id=1652"},"modified":"2024-09-30T10:59:23","modified_gmt":"2024-09-30T10:59:23","slug":"coeur-sensible","status":"publish","type":"page","link":"https:\/\/tontonedouard-togo.com\/?page_id=1652","title":{"rendered":"Coeur Sensible"},"content":{"rendered":"\t\t<div data-elementor-type=\"wp-page\" data-elementor-id=\"1652\" class=\"elementor elementor-1652\">\n\t\t\t\t<div class=\"elementor-element elementor-element-9e68c13 e-flex e-con-boxed e-con e-parent\" data-id=\"9e68c13\" data-element_type=\"container\">\n\t\t\t\t\t<div class=\"e-con-inner\">\n\t\t<div class=\"elementor-element elementor-element-3e258e7 e-con-full e-flex e-con e-child\" data-id=\"3e258e7\" data-element_type=\"container\">\n\t\t\t\t<div class=\"elementor-element elementor-element-52780082 elementor-widget elementor-widget-text-editor\" data-id=\"52780082\" data-element_type=\"widget\" data-widget_type=\"text-editor.default\">\n\t\t\t\t<div class=\"elementor-widget-container\">\n\t\t\t\t\t\t\t\t\t\n<p>Ce projet regroupe des volontaires qui ont mis sur eux de donner \u00e0 chaque fin de mois un montant selon leur capacit\u00e9 en vue de soutenir l\u2019\u0153uvre du Seigneur dans les coins recul\u00e9s du Togo et de venir en aide aux familles des pasteurs des coins recul\u00e9.<\/p>\n\n<p>Avec un engagement collectif et des actions bien coordonn\u00e9es, ce projet pourra manifester un soutien significatif aux populations dans le besoin au Togo.<\/p>\n\t\t\t\t\t\t\t\t<\/div>\n\t\t\t\t<\/div>\n\t\t\t\t<\/div>\n\t\t<div class=\"elementor-element elementor-element-7d7107f e-con-full e-flex e-con e-child\" data-id=\"7d7107f\" data-element_type=\"container\">\n\t\t\t\t<div class=\"elementor-element elementor-element-bea71ac elementor-widget elementor-widget-image\" data-id=\"bea71ac\" data-element_type=\"widget\" data-widget_type=\"image.default\">\n\t\t\t\t<div class=\"elementor-widget-container\">\n\t\t\t\t\t\t\t\t\t\t\t\t\t\t\t<img fetchpriority=\"high\" decoding=\"async\" width=\"626\" height=\"626\" src=\"https:\/\/tontonedouard-togo.com\/wp-content\/uploads\/2024\/09\/logo-charite-mains-soutenant-icone-coeur-design-plat-illustration-vectorielle_53876-136266.avif\" class=\"attachment-large size-large wp-image-1664\" alt=\"\" srcset=\"https:\/\/tontonedouard-togo.com\/wp-content\/uploads\/2024\/09\/logo-charite-mains-soutenant-icone-coeur-design-plat-illustration-vectorielle_53876-136266.avif 626w, https:\/\/tontonedouard-togo.com\/wp-content\/uploads\/2024\/09\/logo-charite-mains-soutenant-icone-coeur-design-plat-illustration-vectorielle_53876-136266-300x300.avif 300w, https:\/\/tontonedouard-togo.com\/wp-content\/uploads\/2024\/09\/logo-charite-mains-soutenant-icone-coeur-design-plat-illustration-vectorielle_53876-136266-150x150.avif 150w\" sizes=\"(max-width: 626px) 100vw, 626px\" \/>\t\t\t\t\t\t\t\t\t\t\t\t\t\t\t<\/div>\n\t\t\t\t<\/div>\n\t\t\t\t<\/div>\n\t\t\t\t\t<\/div>\n\t\t\t\t<\/div>\n\t\t<div class=\"elementor-element elementor-element-6683374 e-flex e-con-boxed e-con e-parent\" data-id=\"6683374\" data-element_type=\"container\">\n\t\t\t\t\t<div class=\"e-con-inner\">\n\t\t\t\t<div class=\"elementor-element elementor-element-b9cb4a3 elementor-widget elementor-widget-text-editor\" data-id=\"b9cb4a3\" data-element_type=\"widget\" data-widget_type=\"text-editor.default\">\n\t\t\t\t<div class=\"elementor-widget-container\">\n\t\t\t\t\t\t\t\t\t\n<p>\u00a0<\/p>\n\n<p>Que Dieu b\u00e9nisse vos efforts !<\/p>\n\n<p>\u00a0<\/p>\n\t\t\t\t\t\t\t\t<\/div>\n\t\t\t\t<\/div>\n\t\t\t\t\t<\/div>\n\t\t\t\t<\/div>\n\t\t\t\t<\/div>\n\t\t","protected":false},"excerpt":{"rendered":"<p>Ce projet regroupe des volontaires qui ont mis sur eux de donner \u00e0 chaque fin&#8230;<\/p>\n","protected":false},"author":7,"featured_media":0,"parent":0,"menu_order":0,"comment_status":"closed","ping_status":"closed","template":"","meta":{"give_campaign_id":0,"om_disable_all_campaigns":false,"_surecart_dashboard_logo_width":"180px","_surecart_dashboard_show_logo":true,"_surecart_dashboard_navigation_orders":true,"_surecart_dashboard_navigation_invoices":true,"_surecart_dashboard_navigation_subscriptions":true,"_surecart_dashboard_navigation_downloads":true,"_surecart_dashboard_navigation_billing":true,"_surecart_dashboard_navigation_account":true,"_uag_custom_page_level_css":"","_monsterinsights_skip_tracking":false,"_monsterinsights_sitenote_active":false,"_monsterinsights_sitenote_note":"","_monsterinsights_sitenote_category":0,"footnotes":""},"class_list":["post-1652","page","type-page","status-publish","hentry"],"aioseo_notices":[],"campaignId":"","uagb_featured_image_src":{"full":false,"thumbnail":false,"medium":false,"medium_large":false,"large":false,"1536x1536":false,"2048x2048":false,"blogdata-slider-full":false,"blogdata-featured":false,"blogdata-medium":false},"uagb_author_info":{"display_name":"Auteur","author_link":"https:\/\/tontonedouard-togo.com\/?author=7"},"uagb_comment_info":0,"uagb_excerpt":"Ce projet regroupe des volontaires qui ont mis sur eux de donner \u00e0 chaque fin...","_links":{"self":[{"href":"https:\/\/tontonedouard-togo.com\/index.php?rest_route=\/wp\/v2\/pages\/1652","targetHints":{"allow":["GET"]}}],"collection":[{"href":"https:\/\/tontonedouard-togo.com\/index.php?rest_route=\/wp\/v2\/pages"}],"about":[{"href":"https:\/\/tontonedouard-togo.com\/index.php?rest_route=\/wp\/v2\/types\/page"}],"author":[{"embeddable":true,"href":"https:\/\/tontonedouard-togo.com\/index.php?rest_route=\/wp\/v2\/users\/7"}],"replies":[{"embeddable":true,"href":"https:\/\/tontonedouard-togo.com\/index.php?rest_route=%2Fwp%2Fv2%2Fcomments&post=1652"}],"version-history":[{"count":5,"href":"https:\/\/tontonedouard-togo.com\/index.php?rest_route=\/wp\/v2\/pages\/1652\/revisions"}],"predecessor-version":[{"id":1688,"href":"https:\/\/tontonedouard-togo.com\/index.php?rest_route=\/wp\/v2\/pages\/1652\/revisions\/1688"}],"wp:attachment":[{"href":"https:\/\/tontonedouard-togo.com\/index.php?rest_route=%2Fwp%2Fv2%2Fmedia&parent=1652"}],"curies":[{"name":"wp","href":"https:\/\/api.w.org\/{rel}","templated":true}]}}